{"id":61659,"date":"2025-12-18T17:28:38","date_gmt":"2025-12-18T20:28:38","guid":{"rendered":"https:\/\/linktemporario.online\/?page_id=61659"},"modified":"2026-01-08T17:08:40","modified_gmt":"2026-01-08T17:08:40","slug":"capital-option-aml","status":"publish","type":"page","link":"https:\/\/capitaloption.io\/index.php\/capital-option-aml\/","title":{"rendered":"CAPITAL OPTION &#8211; AML"},"content":{"rendered":"\t\t<div data-elementor-type=\"wp-page\" data-elementor-id=\"61659\" class=\"elementor elementor-61659\" data-elementor-settings=\"{&quot;ha_cmc_init_switcher&quot;:&quot;no&quot;}\" data-elementor-post-type=\"page\">\n\t\t\t\t<div class=\"elementor-element elementor-element-b35303b e-flex e-con-boxed e-con e-parent\" data-id=\"b35303b\" data-element_type=\"container\" id=\"topo\" data-settings=\"{&quot;background_background&quot;:&quot;classic&quot;,&quot;_ha_eqh_enable&quot;:false}\">\n\t\t\t\t\t<div class=\"e-con-inner\">\n\t\t<div class=\"elementor-element elementor-element-7593993 e-con-full e-flex e-con e-child\" data-id=\"7593993\" data-element_type=\"container\" data-settings=\"{&quot;background_background&quot;:&quot;classic&quot;,&quot;_ha_eqh_enable&quot;:false}\">\n\t\t\t\t<div data-ha-element-link=\"{&quot;url&quot;:&quot;https:\\\/\\\/capitaloption.io\\\/&quot;,&quot;is_external&quot;:&quot;&quot;,&quot;nofollow&quot;:&quot;&quot;}\" style=\"cursor: pointer\" class=\"elementor-element elementor-element-b6ccd64 elementor-widget-mobile__width-initial elementor-widget elementor-widget-image\" data-id=\"b6ccd64\" data-element_type=\"widget\" data-widget_type=\"image.default\">\n\t\t\t\t\t\t\t\t\t\t\t\t\t\t\t<img decoding=\"async\" width=\"153\" height=\"60\" src=\"https:\/\/capitaloption.io\/wp-content\/uploads\/2025\/12\/logocapital.png\" class=\"attachment-large size-large wp-image-61661\" alt=\"\" srcset=\"https:\/\/capitaloption.io\/wp-content\/uploads\/2025\/12\/logocapital.png 153w, https:\/\/capitaloption.io\/wp-content\/uploads\/2025\/12\/logocapital-150x60.png 150w\" sizes=\"(max-width: 153px) 100vw, 153px\" \/>\t\t\t\t\t\t\t\t\t\t\t\t\t\t\t<\/div>\n\t\t<div class=\"elementor-element elementor-element-73142b6 e-con-full e-flex e-con e-child\" data-id=\"73142b6\" data-element_type=\"container\" data-settings=\"{&quot;_ha_eqh_enable&quot;:false}\">\n\t\t\t\t<div class=\"elementor-element elementor-element-d705b42 elementor-align-center elementor-widget elementor-widget-button\" data-id=\"d705b42\" data-element_type=\"widget\" data-widget_type=\"button.default\">\n\t\t\t\t\t\t\t\t\t\t<a class=\"elementor-button elementor-button-link elementor-size-sm elementor-animation-grow\" href=\"https:\/\/app.capitaloption.io\/auth\/login\">\n\t\t\t\t\t\t<span class=\"elementor-button-content-wrapper\">\n\t\t\t\t\t\t\t\t\t<span class=\"elementor-button-text\">ENTRAR<\/span>\n\t\t\t\t\t<\/span>\n\t\t\t\t\t<\/a>\n\t\t\t\t\t\t\t\t<\/div>\n\t\t\t\t<div class=\"elementor-element elementor-element-ceaee15 elementor-align-center elementor-widget elementor-widget-button\" data-id=\"ceaee15\" data-element_type=\"widget\" data-widget_type=\"button.default\">\n\t\t\t\t\t\t\t\t\t\t<a class=\"elementor-button elementor-button-link elementor-size-sm elementor-animation-grow\" href=\"https:\/\/app.capitaloption.io\/auth\/register\">\n\t\t\t\t\t\t<span class=\"elementor-button-content-wrapper\">\n\t\t\t\t\t\t\t\t\t<span class=\"elementor-button-text\">CADASTRAR<\/span>\n\t\t\t\t\t<\/span>\n\t\t\t\t\t<\/a>\n\t\t\t\t\t\t\t\t<\/div>\n\t\t\t\t<\/div>\n\t\t\t\t<\/div>\n\t\t\t\t<div class=\"elementor-element elementor-element-9f90f32 elementor-widget__width-initial elementor-widget elementor-widget-text-editor\" data-id=\"9f90f32\" data-element_type=\"widget\" data-widget_type=\"text-editor.default\">\n\t\t\t\t\t\t\t\t\t<p><span style=\"color: #c0ff2c; font-size: 32px;\">Pol\u00edtica de Preven\u00e7\u00e3o \u00e0 Lavagem de Dinheiro (AML) e\u2028Conhe\u00e7a seu Cliente (KYC)<\/span><\/p><div><div>A Pol\u00edtica da Capital Option (doravante denominada &#8220;a Empresa&#8221;) consiste em proibir e buscar ativamente a preven\u00e7\u00e3o da lavagem de dinheiro e de qualquer atividade que facilite a lavagem de dinheiro ou o financiamento de atividades terroristas ou criminosas. A Empresa exige que seus executivos, funcion\u00e1rios e afiliadas cumpram essas normas para impedir o uso de seus produtos e servi\u00e7os para fins de lavagem de dinheiro.<\/div><br \/><div>Para os fins desta Pol\u00edtica, lavagem de dinheiro \u00e9 geralmente definida como a pr\u00e1tica de atos concebidos para ocultar ou disfar\u00e7ar as verdadeiras origens de rendimentos provenientes de atividades criminosas, de modo que os rendimentos il\u00edcitos pare\u00e7am ter sido derivados de origens leg\u00edtimas ou constituam ativos leg\u00edtimos.<\/div><br \/><div>Geralmente, a lavagem de dinheiro ocorre em tr\u00eas etapas. O dinheiro entra no sistema financeiro na fase de &#8220;coloca\u00e7\u00e3o&#8221;, onde o dinheiro gerado por atividades criminosas \u00e9 convertido em instrumentos monet\u00e1rios, como ordens de pagamento ou cheques de viagem, ou depositado em contas em institui\u00e7\u00f5es financeiras. Na fase de &#8220;layering&#8221;, os fundos s\u00e3o transferidos ou movimentados para outras contas ou institui\u00e7\u00f5es financeiras para separar ainda mais o dinheiro de sua origem criminosa. Na fase de &#8220;integra\u00e7\u00e3o&#8221;, os fundos s\u00e3o reintroduzidos na economia e usados \u200b\u200bpara comprar ativos leg\u00edtimos ou financiar outras atividades criminosas ou neg\u00f3cios leg\u00edtimos. O financiamento do terrorismo pode n\u00e3o envolver o produto de conduta criminosa, mas sim uma tentativa de ocultar a origem ou o uso pretendido dos fundos, que posteriormente ser\u00e3o usados \u200b\u200bpara fins criminosos.<\/div><br \/><div>Espera-se que cada funcion\u00e1rio da Empresa, cujas fun\u00e7\u00f5es estejam associadas ao fornecimento de produtos e servi\u00e7os da Capital Option e que lide direta ou indiretamente com a clientela da Empresa, conhe\u00e7a os requisitos das leis e regulamentos aplic\u00e1veis \u200b\u200bque afetam suas responsabilidades de trabalho, e ser\u00e1 dever afirmativo de tal funcion\u00e1rio desempenhar essas responsabilidades em todos os momentos de uma maneira que esteja em conformidade com os requisitos das leis e regulamentos relevantes.<\/div><br \/><div>As leis e regulamenta\u00e7\u00f5es incluem, mas n\u00e3o est\u00e3o limitadas a: &#8220;Devida dilig\u00eancia do cliente para bancos&#8221; (2001) e &#8220;Guia geral para abertura de contas e identifica\u00e7\u00e3o de clientes&#8221; (2003) do Comit\u00ea de Supervis\u00e3o Banc\u00e1ria de Basileia, Quarenta e nove recomenda\u00e7\u00f5es sobre lavagem de dinheiro do GAFI, USA Patriot Act (2001), Lei de preven\u00e7\u00e3o e supress\u00e3o de atividades de lavagem de dinheiro (1996).<\/div><br \/><div>Para garantir a implementa\u00e7\u00e3o desta pol\u00edtica geral, a administra\u00e7\u00e3o da Capital Option estabeleceu e mant\u00e9m um programa cont\u00ednuo com o objetivo de assegurar o cumprimento das leis e regulamentos aplic\u00e1veis \u200b\u200be a preven\u00e7\u00e3o \u00e0 lavagem de dinheiro. Este programa busca coordenar os requisitos regulat\u00f3rios espec\u00edficos em todo o grupo dentro de uma estrutura consolidada, a fim de gerenciar eficazmente o risco de exposi\u00e7\u00e3o da Companhia \u00e0 lavagem de dinheiro e ao financiamento do terrorismo em todas as unidades de neg\u00f3cios, fun\u00e7\u00f5es e entidades legais.<\/div><br \/><div>Cada uma das afiliadas da Capital Option \u00e9 obrigada a cumprir a pol\u00edtica AML e KYC.<\/div><br \/><div>Todos os documentos de identifica\u00e7\u00e3o e registros de servi\u00e7os dever\u00e3o ser mantidos pelo per\u00edodo m\u00ednimo de tempo exigido pela lei local.<\/div><br \/><div>Todos os novos funcion\u00e1rios receber\u00e3o treinamento antilavagem de dinheiro como parte do programa obrigat\u00f3rio de treinamento para novos contratados. Todos os funcion\u00e1rios eleg\u00edveis tamb\u00e9m devem realizar treinamentos anuais sobre AML e KYC. A participa\u00e7\u00e3o em programas de treinamento adicionais direcionados \u00e9 obrigat\u00f3ria para todos os funcion\u00e1rios com responsabilidades di\u00e1rias sobre AML e KYC.<\/div><\/div>\t\t\t\t\t\t\t\t<\/div>\n\t\t<div class=\"elementor-element elementor-element-2f8cd00 e-con-full e-flex e-con e-child\" data-id=\"2f8cd00\" data-element_type=\"container\" data-settings=\"{&quot;animation&quot;:&quot;none&quot;,&quot;animation_delay&quot;:450,&quot;_ha_eqh_enable&quot;:false}\">\n\t\t<div class=\"elementor-element elementor-element-95f34ef e-con-full e-flex e-con e-child\" data-id=\"95f34ef\" data-element_type=\"container\" data-settings=\"{&quot;_ha_eqh_enable&quot;:false}\">\n\t\t\t\t<div class=\"elementor-element elementor-element-91d4725 elementor-widget__width-initial elementor-widget elementor-widget-image\" data-id=\"91d4725\" data-element_type=\"widget\" data-widget_type=\"image.default\">\n\t\t\t\t\t\t\t\t\t\t\t\t\t\t\t<img decoding=\"async\" width=\"153\" height=\"60\" src=\"https:\/\/capitaloption.io\/wp-content\/uploads\/2025\/12\/logocapital.png\" class=\"attachment-full size-full wp-image-61661\" alt=\"\" srcset=\"https:\/\/capitaloption.io\/wp-content\/uploads\/2025\/12\/logocapital.png 153w, https:\/\/capitaloption.io\/wp-content\/uploads\/2025\/12\/logocapital-150x60.png 150w\" sizes=\"(max-width: 153px) 100vw, 153px\" \/>\t\t\t\t\t\t\t\t\t\t\t\t\t\t\t<\/div>\n\t\t<div class=\"elementor-element elementor-element-6bc682d e-con-full e-flex e-con e-child\" data-id=\"6bc682d\" data-element_type=\"container\" data-settings=\"{&quot;_ha_eqh_enable&quot;:false}\">\n\t\t\t\t<div class=\"elementor-element elementor-element-805af6f elementor-position-left elementor-vertical-align-middle elementor-widget__width-inherit elementor-vertical-align-top elementor-widget elementor-widget-image-box\" data-id=\"805af6f\" data-element_type=\"widget\" data-widget_type=\"image-box.default\">\n\t\t\t\t\t<div class=\"elementor-image-box-wrapper\"><figure class=\"elementor-image-box-img\"><img decoding=\"async\" src=\"http:\/\/linktemporario.online\/wp-content\/uploads\/2025\/07\/Background-1.png\" title=\"\" alt=\"\" loading=\"lazy\" \/><\/figure><div class=\"elementor-image-box-content\"><h3 class=\"elementor-image-box-title\">support@capital.id<br><br><b>FALE CONOSCO<\/b><\/h3><\/div><\/div>\t\t\t\t<\/div>\n\t\t\t\t<\/div>\n\t\t\t\t<\/div>\n\t\t<div class=\"elementor-element elementor-element-5b29a96 e-con-full e-flex e-con e-child\" data-id=\"5b29a96\" data-element_type=\"container\" data-settings=\"{&quot;_ha_eqh_enable&quot;:false}\">\n\t\t\t\t<div class=\"elementor-element elementor-element-e0e55a7 elementor-widget elementor-widget-heading\" data-id=\"e0e55a7\" data-element_type=\"widget\" data-widget_type=\"heading.default\">\n\t\t\t\t\t<h2 class=\"elementor-heading-title elementor-size-default\">LINKS \u00daTEIS<\/h2>\t\t\t\t<\/div>\n\t\t\t\t<div class=\"elementor-element elementor-element-0949b76 elementor-mobile-align-center elementor-icon-list--layout-traditional elementor-list-item-link-full_width elementor-widget elementor-widget-icon-list\" data-id=\"0949b76\" data-element_type=\"widget\" data-widget_type=\"icon-list.default\">\n\t\t\t\t\t\t\t<ul class=\"elementor-icon-list-items\">\n\t\t\t\t\t\t\t<li class=\"elementor-icon-list-item\">\n\t\t\t\t\t\t\t\t\t\t\t<a href=\"https:\/\/capitaloption.io\/index.php\/capital-option-afiliados\/\">\n\n\t\t\t\t\t\t\t\t\t\t\t<span class=\"elementor-icon-list-text\">Afiliados<\/span>\n\t\t\t\t\t\t\t\t\t\t\t<\/a>\n\t\t\t\t\t\t\t\t\t<\/li>\n\t\t\t\t\t\t\t\t<li class=\"elementor-icon-list-item\">\n\t\t\t\t\t\t\t\t\t\t\t<a href=\"https:\/\/capitaloption.io\/\">\n\n\t\t\t\t\t\t\t\t\t\t\t<span class=\"elementor-icon-list-text\">Rela\u00e7\u00e3o Com Investidor<\/span>\n\t\t\t\t\t\t\t\t\t\t\t<\/a>\n\t\t\t\t\t\t\t\t\t<\/li>\n\t\t\t\t\t\t\t\t<li class=\"elementor-icon-list-item\">\n\t\t\t\t\t\t\t\t\t\t\t<a href=\"https:\/\/app.capitaloption.io\/auth\/login\">\n\n\t\t\t\t\t\t\t\t\t\t\t<span class=\"elementor-icon-list-text\">\u00c1rea de Login<\/span>\n\t\t\t\t\t\t\t\t\t\t\t<\/a>\n\t\t\t\t\t\t\t\t\t<\/li>\n\t\t\t\t\t\t\t\t<li class=\"elementor-icon-list-item\">\n\t\t\t\t\t\t\t\t\t\t\t<a href=\"https:\/\/app.capitaloption.io\/auth\/register\">\n\n\t\t\t\t\t\t\t\t\t\t\t<span class=\"elementor-icon-list-text\">\u00c1rea de Register<\/span>\n\t\t\t\t\t\t\t\t\t\t\t<\/a>\n\t\t\t\t\t\t\t\t\t<\/li>\n\t\t\t\t\t\t\t\t<li class=\"elementor-icon-list-item\">\n\t\t\t\t\t\t\t\t\t\t\t<a href=\"https:\/\/capitaloption.io\/index.php\/capital-option-crypto-heatmap\/\">\n\n\t\t\t\t\t\t\t\t\t\t\t<span class=\"elementor-icon-list-text\">HeatMap Crypto<\/span>\n\t\t\t\t\t\t\t\t\t\t\t<\/a>\n\t\t\t\t\t\t\t\t\t<\/li>\n\t\t\t\t\t\t\t\t<li class=\"elementor-icon-list-item\">\n\t\t\t\t\t\t\t\t\t\t\t<a href=\"https:\/\/capitaloption.io\/index.php\/capital-option-stock-heatmap\/\">\n\n\t\t\t\t\t\t\t\t\t\t\t<span class=\"elementor-icon-list-text\">HeatMap Stocks<\/span>\n\t\t\t\t\t\t\t\t\t\t\t<\/a>\n\t\t\t\t\t\t\t\t\t<\/li>\n\t\t\t\t\t\t<\/ul>\n\t\t\t\t\t\t<\/div>\n\t\t\t\t<\/div>\n\t\t<div class=\"elementor-element elementor-element-4bbe6f4 e-con-full e-flex e-con e-child\" data-id=\"4bbe6f4\" data-element_type=\"container\" data-settings=\"{&quot;_ha_eqh_enable&quot;:false}\">\n\t\t\t\t<div class=\"elementor-element elementor-element-82a8c98 elementor-widget elementor-widget-heading\" data-id=\"82a8c98\" data-element_type=\"widget\" data-widget_type=\"heading.default\">\n\t\t\t\t\t<h2 class=\"elementor-heading-title elementor-size-default\">TERMOS E CONDI\u00c7\u00d5ES<\/h2>\t\t\t\t<\/div>\n\t\t\t\t<div class=\"elementor-element elementor-element-a9ebc6c elementor-mobile-align-center elementor-icon-list--layout-traditional elementor-list-item-link-full_width elementor-widget elementor-widget-icon-list\" data-id=\"a9ebc6c\" data-element_type=\"widget\" data-widget_type=\"icon-list.default\">\n\t\t\t\t\t\t\t<ul class=\"elementor-icon-list-items\">\n\t\t\t\t\t\t\t<li class=\"elementor-icon-list-item\">\n\t\t\t\t\t\t\t\t\t\t\t<a href=\"https:\/\/capitaloption.io\/index.php\/capital-option-privacidade\/\">\n\n\t\t\t\t\t\t\t\t\t\t\t<span class=\"elementor-icon-list-text\">Politica e Privacidade<\/span>\n\t\t\t\t\t\t\t\t\t\t\t<\/a>\n\t\t\t\t\t\t\t\t\t<\/li>\n\t\t\t\t\t\t\t\t<li class=\"elementor-icon-list-item\">\n\t\t\t\t\t\t\t\t\t\t\t<a href=\"https:\/\/capitaloption.io\/index.php\/capital-option-termos-e-condicoes\/\">\n\n\t\t\t\t\t\t\t\t\t\t\t<span class=\"elementor-icon-list-text\">Termos e Condi\u00e7\u00f5es<\/span>\n\t\t\t\t\t\t\t\t\t\t\t<\/a>\n\t\t\t\t\t\t\t\t\t<\/li>\n\t\t\t\t\t\t\t\t<li class=\"elementor-icon-list-item\">\n\t\t\t\t\t\t\t\t\t\t\t<a href=\"https:\/\/capitaloption.io\/index.php\/capital-option-aml\/\">\n\n\t\t\t\t\t\t\t\t\t\t\t<span class=\"elementor-icon-list-text\">AML Juridico<\/span>\n\t\t\t\t\t\t\t\t\t\t\t<\/a>\n\t\t\t\t\t\t\t\t\t<\/li>\n\t\t\t\t\t\t<\/ul>\n\t\t\t\t\t\t<\/div>\n\t\t\t\t<div class=\"elementor-element elementor-element-476ee4d elementor-widget elementor-widget-button\" data-id=\"476ee4d\" data-element_type=\"widget\" data-widget_type=\"button.default\">\n\t\t\t\t\t\t\t\t\t\t<a class=\"elementor-button elementor-button-link elementor-size-sm\" href=\"#topo\">\n\t\t\t\t\t\t<span class=\"elementor-button-content-wrapper\">\n\t\t\t\t\t\t<span class=\"elementor-button-icon\">\n\t\t\t\t<svg aria-hidden=\"true\" class=\"e-font-icon-svg e-fas-arrow-up\" viewBox=\"0 0 448 512\" xmlns=\"http:\/\/www.w3.org\/2000\/svg\"><path d=\"M34.9 289.5l-22.2-22.2c-9.4-9.4-9.4-24.6 0-33.9L207 39c9.4-9.4 24.6-9.4 33.9 0l194.3 194.3c9.4 9.4 9.4 24.6 0 33.9L413 289.4c-9.5 9.5-25 9.3-34.3-.4L264 168.6V456c0 13.3-10.7 24-24 24h-32c-13.3 0-24-10.7-24-24V168.6L69.2 289.1c-9.3 9.8-24.8 10-34.3.4z\"><\/path><\/svg>\t\t\t<\/span>\n\t\t\t\t\t\t\t\t\t<span class=\"elementor-button-text\">Voltar para o topo<\/span>\n\t\t\t\t\t<\/span>\n\t\t\t\t\t<\/a>\n\t\t\t\t\t\t\t\t<\/div>\n\t\t\t\t<\/div>\n\t\t\t\t<\/div>\n\t\t\t\t\t<\/div>\n\t\t\t\t<\/div>\n\t\t\t\t<\/div>\n\t\t","protected":false},"excerpt":{"rendered":"<p>ENTRAR CADASTRAR Pol\u00edtica de Preven\u00e7\u00e3o \u00e0 Lavagem de Dinheiro (AML) e\u2028Conhe\u00e7a seu Cliente (KYC) A Pol\u00edtica da Capital Option (doravante denominada &#8220;a Empresa&#8221;) consiste em proibir e buscar ativamente a preven\u00e7\u00e3o da lavagem de dinheiro e de qualquer atividade que facilite a lavagem de dinheiro ou o financiamento de atividades terroristas ou criminosas. A Empresa [&hellip;]<\/p>\n","protected":false},"author":3,"featured_media":0,"parent":0,"menu_order":0,"comment_status":"closed","ping_status":"closed","template":"elementor_canvas","meta":{"footnotes":""},"class_list":["post-61659","page","type-page","status-publish","hentry"],"_links":{"self":[{"href":"https:\/\/capitaloption.io\/index.php\/wp-json\/wp\/v2\/pages\/61659","targetHints":{"allow":["GET"]}}],"collection":[{"href":"https:\/\/capitaloption.io\/index.php\/wp-json\/wp\/v2\/pages"}],"about":[{"href":"https:\/\/capitaloption.io\/index.php\/wp-json\/wp\/v2\/types\/page"}],"author":[{"embeddable":true,"href":"https:\/\/capitaloption.io\/index.php\/wp-json\/wp\/v2\/users\/3"}],"replies":[{"embeddable":true,"href":"https:\/\/capitaloption.io\/index.php\/wp-json\/wp\/v2\/comments?post=61659"}],"version-history":[{"count":18,"href":"https:\/\/capitaloption.io\/index.php\/wp-json\/wp\/v2\/pages\/61659\/revisions"}],"predecessor-version":[{"id":61847,"href":"https:\/\/capitaloption.io\/index.php\/wp-json\/wp\/v2\/pages\/61659\/revisions\/61847"}],"wp:attachment":[{"href":"https:\/\/capitaloption.io\/index.php\/wp-json\/wp\/v2\/media?parent=61659"}],"curies":[{"name":"wp","href":"https:\/\/api.w.org\/{rel}","templated":true}]}}