{"id":61686,"date":"2025-12-18T17:48:36","date_gmt":"2025-12-18T20:48:36","guid":{"rendered":"https:\/\/linktemporario.online\/?page_id=61686"},"modified":"2026-01-08T17:09:28","modified_gmt":"2026-01-08T17:09:28","slug":"capital-option-stock-heatmap","status":"publish","type":"page","link":"https:\/\/capitaloption.io\/index.php\/capital-option-stock-heatmap\/","title":{"rendered":"CAPITAL OPTION &#8211; STOCK HEATMAP"},"content":{"rendered":"\t\t<div data-elementor-type=\"wp-page\" data-elementor-id=\"61686\" class=\"elementor elementor-61686\" data-elementor-settings=\"{&quot;ha_cmc_init_switcher&quot;:&quot;no&quot;}\" data-elementor-post-type=\"page\">\n\t\t\t\t<div class=\"elementor-element elementor-element-9d99e3d e-flex e-con-boxed e-con e-parent\" data-id=\"9d99e3d\" data-element_type=\"container\" id=\"topo\" data-settings=\"{&quot;_ha_eqh_enable&quot;:false}\">\n\t\t\t\t\t<div class=\"e-con-inner\">\n\t\t<div class=\"elementor-element elementor-element-b89ee96 e-con-full e-flex e-con e-child\" data-id=\"b89ee96\" data-element_type=\"container\" data-settings=\"{&quot;background_background&quot;:&quot;classic&quot;,&quot;_ha_eqh_enable&quot;:false}\">\n\t\t\t\t<div data-ha-element-link=\"{&quot;url&quot;:&quot;https:\\\/\\\/capitaloption.io\\\/&quot;,&quot;is_external&quot;:&quot;&quot;,&quot;nofollow&quot;:&quot;&quot;}\" style=\"cursor: pointer\" class=\"elementor-element elementor-element-c9f4f45 elementor-widget-mobile__width-initial elementor-widget elementor-widget-image\" data-id=\"c9f4f45\" data-element_type=\"widget\" data-widget_type=\"image.default\">\n\t\t\t\t\t\t\t\t\t\t\t\t\t\t\t<img decoding=\"async\" width=\"153\" height=\"60\" src=\"https:\/\/capitaloption.io\/wp-content\/uploads\/2025\/12\/logocapital.png\" class=\"attachment-large size-large wp-image-61661\" alt=\"\" srcset=\"https:\/\/capitaloption.io\/wp-content\/uploads\/2025\/12\/logocapital.png 153w, https:\/\/capitaloption.io\/wp-content\/uploads\/2025\/12\/logocapital-150x60.png 150w\" sizes=\"(max-width: 153px) 100vw, 153px\" \/>\t\t\t\t\t\t\t\t\t\t\t\t\t\t\t<\/div>\n\t\t<div class=\"elementor-element elementor-element-475ca06 e-con-full e-flex e-con e-child\" data-id=\"475ca06\" data-element_type=\"container\" data-settings=\"{&quot;_ha_eqh_enable&quot;:false}\">\n\t\t\t\t<div class=\"elementor-element elementor-element-97b44a3 elementor-align-center elementor-widget elementor-widget-button\" data-id=\"97b44a3\" data-element_type=\"widget\" data-widget_type=\"button.default\">\n\t\t\t\t\t\t\t\t\t\t<a class=\"elementor-button elementor-button-link elementor-size-sm elementor-animation-grow\" href=\"https:\/\/app.capitaloption.io\/auth\/login\">\n\t\t\t\t\t\t<span class=\"elementor-button-content-wrapper\">\n\t\t\t\t\t\t\t\t\t<span class=\"elementor-button-text\">ENTRAR<\/span>\n\t\t\t\t\t<\/span>\n\t\t\t\t\t<\/a>\n\t\t\t\t\t\t\t\t<\/div>\n\t\t\t\t<div class=\"elementor-element elementor-element-c06b942 elementor-align-center elementor-widget elementor-widget-button\" data-id=\"c06b942\" data-element_type=\"widget\" data-widget_type=\"button.default\">\n\t\t\t\t\t\t\t\t\t\t<a class=\"elementor-button elementor-button-link elementor-size-sm elementor-animation-grow\" href=\"https:\/\/app.capitaloption.io\/auth\/register\">\n\t\t\t\t\t\t<span class=\"elementor-button-content-wrapper\">\n\t\t\t\t\t\t\t\t\t<span class=\"elementor-button-text\">CADASTRAR<\/span>\n\t\t\t\t\t<\/span>\n\t\t\t\t\t<\/a>\n\t\t\t\t\t\t\t\t<\/div>\n\t\t\t\t<\/div>\n\t\t\t\t<\/div>\n\t\t\t\t\t<\/div>\n\t\t\t\t<\/div>\n\t\t<div class=\"elementor-element elementor-element-91f2701 e-con-full e-flex e-con e-parent\" data-id=\"91f2701\" data-element_type=\"container\" data-settings=\"{&quot;_ha_eqh_enable&quot;:false}\">\n\t\t\t\t<div class=\"elementor-element elementor-element-0ae303f elementor-widget-mobile__width-initial elementor-widget elementor-widget-html\" data-id=\"0ae303f\" data-element_type=\"widget\" data-widget_type=\"html.default\">\n\t\t\t\t\t<!-- TradingView Widget BEGIN -->\r\n<div class=\"tradingview-widget-container\">\r\n  <div class=\"tradingview-widget-container__widget\"><\/div>\r\n  <script type=\"text\/javascript\" src=\"https:\/\/s3.tradingview.com\/external-embedding\/embed-widget-stock-heatmap.js\" async>\r\n  {\r\n  \"dataSource\": \"SPX500\",\r\n  \"blockSize\": \"market_cap_basic\",\r\n  \"blockColor\": \"change\",\r\n  \"grouping\": \"sector\",\r\n  \"locale\": \"en\",\r\n  \"symbolUrl\": \"\",\r\n  \"colorTheme\": \"dark\",\r\n  \"exchanges\": [\r\n    \"NASDAQ\"\r\n  ],\r\n  \"hasTopBar\": false,\r\n  \"isDataSetEnabled\": false,\r\n  \"isZoomEnabled\": true,\r\n  \"hasSymbolTooltip\": true,\r\n  \"isMonoSize\": false,\r\n  \"width\": \"100%\",\r\n  \"height\": \"900\"\r\n}\r\n  <\/script>\r\n<\/div>\r\n<!-- TradingView Widget END -->\t\t\t\t<\/div>\n\t\t\t\t<\/div>\n\t\t<div class=\"elementor-element elementor-element-dfb2556 e-con-full e-flex e-con e-parent\" data-id=\"dfb2556\" data-element_type=\"container\" data-settings=\"{&quot;_ha_eqh_enable&quot;:false}\">\n\t\t<div class=\"elementor-element elementor-element-8b01d12 e-con-full e-flex e-con e-child\" data-id=\"8b01d12\" data-element_type=\"container\" data-settings=\"{&quot;animation&quot;:&quot;none&quot;,&quot;animation_delay&quot;:450,&quot;_ha_eqh_enable&quot;:false}\">\n\t\t<div class=\"elementor-element elementor-element-e5f5896 e-con-full e-flex e-con e-child\" data-id=\"e5f5896\" data-element_type=\"container\" data-settings=\"{&quot;_ha_eqh_enable&quot;:false}\">\n\t\t\t\t<div class=\"elementor-element elementor-element-051a64d elementor-widget__width-initial elementor-widget elementor-widget-image\" data-id=\"051a64d\" data-element_type=\"widget\" data-widget_type=\"image.default\">\n\t\t\t\t\t\t\t\t\t\t\t\t\t\t\t<img decoding=\"async\" width=\"153\" height=\"60\" src=\"https:\/\/capitaloption.io\/wp-content\/uploads\/2025\/12\/logocapital.png\" class=\"attachment-full size-full wp-image-61661\" alt=\"\" srcset=\"https:\/\/capitaloption.io\/wp-content\/uploads\/2025\/12\/logocapital.png 153w, https:\/\/capitaloption.io\/wp-content\/uploads\/2025\/12\/logocapital-150x60.png 150w\" sizes=\"(max-width: 153px) 100vw, 153px\" \/>\t\t\t\t\t\t\t\t\t\t\t\t\t\t\t<\/div>\n\t\t<div class=\"elementor-element elementor-element-48d7e35 e-con-full e-flex e-con e-child\" data-id=\"48d7e35\" data-element_type=\"container\" data-settings=\"{&quot;_ha_eqh_enable&quot;:false}\">\n\t\t\t\t<div class=\"elementor-element elementor-element-08be348 elementor-position-left elementor-vertical-align-middle elementor-widget__width-inherit elementor-vertical-align-top elementor-widget elementor-widget-image-box\" data-id=\"08be348\" data-element_type=\"widget\" data-widget_type=\"image-box.default\">\n\t\t\t\t\t<div class=\"elementor-image-box-wrapper\"><figure class=\"elementor-image-box-img\"><img decoding=\"async\" src=\"http:\/\/linktemporario.online\/wp-content\/uploads\/2025\/07\/Background-1.png\" title=\"\" alt=\"\" loading=\"lazy\" \/><\/figure><div class=\"elementor-image-box-content\"><h3 class=\"elementor-image-box-title\">support@capital.id<br><br><b>FALE CONOSCO<\/b><\/h3><\/div><\/div>\t\t\t\t<\/div>\n\t\t\t\t<\/div>\n\t\t\t\t<\/div>\n\t\t<div class=\"elementor-element elementor-element-c574e10 e-con-full e-flex e-con e-child\" data-id=\"c574e10\" data-element_type=\"container\" data-settings=\"{&quot;_ha_eqh_enable&quot;:false}\">\n\t\t\t\t<div class=\"elementor-element elementor-element-63dcf95 elementor-widget elementor-widget-heading\" data-id=\"63dcf95\" data-element_type=\"widget\" data-widget_type=\"heading.default\">\n\t\t\t\t\t<h2 class=\"elementor-heading-title elementor-size-default\">LINKS \u00daTEIS<\/h2>\t\t\t\t<\/div>\n\t\t\t\t<div class=\"elementor-element elementor-element-91cf8e6 elementor-mobile-align-center elementor-icon-list--layout-traditional elementor-list-item-link-full_width elementor-widget elementor-widget-icon-list\" data-id=\"91cf8e6\" data-element_type=\"widget\" data-widget_type=\"icon-list.default\">\n\t\t\t\t\t\t\t<ul class=\"elementor-icon-list-items\">\n\t\t\t\t\t\t\t<li class=\"elementor-icon-list-item\">\n\t\t\t\t\t\t\t\t\t\t\t<a href=\"https:\/\/capitaloption.io\/index.php\/capital-option-afiliados\/\">\n\n\t\t\t\t\t\t\t\t\t\t\t<span class=\"elementor-icon-list-text\">Afiliados<\/span>\n\t\t\t\t\t\t\t\t\t\t\t<\/a>\n\t\t\t\t\t\t\t\t\t<\/li>\n\t\t\t\t\t\t\t\t<li class=\"elementor-icon-list-item\">\n\t\t\t\t\t\t\t\t\t\t\t<a href=\"https:\/\/capitaloption.io\/index.php\/capital-option-relacao-investidor\/\">\n\n\t\t\t\t\t\t\t\t\t\t\t<span class=\"elementor-icon-list-text\">Rela\u00e7\u00e3o Com Investidor<\/span>\n\t\t\t\t\t\t\t\t\t\t\t<\/a>\n\t\t\t\t\t\t\t\t\t<\/li>\n\t\t\t\t\t\t\t\t<li class=\"elementor-icon-list-item\">\n\t\t\t\t\t\t\t\t\t\t\t<a href=\"https:\/\/app.capitaloption.io\/auth\/login\">\n\n\t\t\t\t\t\t\t\t\t\t\t<span class=\"elementor-icon-list-text\">\u00c1rea de Login<\/span>\n\t\t\t\t\t\t\t\t\t\t\t<\/a>\n\t\t\t\t\t\t\t\t\t<\/li>\n\t\t\t\t\t\t\t\t<li class=\"elementor-icon-list-item\">\n\t\t\t\t\t\t\t\t\t\t\t<a href=\"https:\/\/app.capitaloption.io\/auth\/register\">\n\n\t\t\t\t\t\t\t\t\t\t\t<span class=\"elementor-icon-list-text\">\u00c1rea de Register<\/span>\n\t\t\t\t\t\t\t\t\t\t\t<\/a>\n\t\t\t\t\t\t\t\t\t<\/li>\n\t\t\t\t\t\t\t\t<li class=\"elementor-icon-list-item\">\n\t\t\t\t\t\t\t\t\t\t\t<a href=\"https:\/\/capitaloption.io\/index.php\/capital-option-crypto-heatmap\/\">\n\n\t\t\t\t\t\t\t\t\t\t\t<span class=\"elementor-icon-list-text\">HeatMap Crypto<\/span>\n\t\t\t\t\t\t\t\t\t\t\t<\/a>\n\t\t\t\t\t\t\t\t\t<\/li>\n\t\t\t\t\t\t\t\t<li class=\"elementor-icon-list-item\">\n\t\t\t\t\t\t\t\t\t\t\t<a href=\"https:\/\/capitaloption.io\/index.php\/capital-option-stock-heatmap\/\">\n\n\t\t\t\t\t\t\t\t\t\t\t<span class=\"elementor-icon-list-text\">HeatMap Stocks<\/span>\n\t\t\t\t\t\t\t\t\t\t\t<\/a>\n\t\t\t\t\t\t\t\t\t<\/li>\n\t\t\t\t\t\t<\/ul>\n\t\t\t\t\t\t<\/div>\n\t\t\t\t<\/div>\n\t\t<div class=\"elementor-element elementor-element-47f5376 e-con-full e-flex e-con e-child\" data-id=\"47f5376\" data-element_type=\"container\" data-settings=\"{&quot;_ha_eqh_enable&quot;:false}\">\n\t\t\t\t<div class=\"elementor-element elementor-element-96d3ca8 elementor-widget elementor-widget-heading\" data-id=\"96d3ca8\" data-element_type=\"widget\" data-widget_type=\"heading.default\">\n\t\t\t\t\t<h2 class=\"elementor-heading-title elementor-size-default\">TERMOS E CONDI\u00c7\u00d5ES<\/h2>\t\t\t\t<\/div>\n\t\t\t\t<div class=\"elementor-element elementor-element-b5075ac elementor-mobile-align-center elementor-icon-list--layout-traditional elementor-list-item-link-full_width elementor-widget elementor-widget-icon-list\" data-id=\"b5075ac\" data-element_type=\"widget\" data-widget_type=\"icon-list.default\">\n\t\t\t\t\t\t\t<ul class=\"elementor-icon-list-items\">\n\t\t\t\t\t\t\t<li class=\"elementor-icon-list-item\">\n\t\t\t\t\t\t\t\t\t\t\t<a href=\"https:\/\/capitaloption.io\/index.php\/capital-option-privacidade\/\">\n\n\t\t\t\t\t\t\t\t\t\t\t<span class=\"elementor-icon-list-text\">Politica e Privacidade<\/span>\n\t\t\t\t\t\t\t\t\t\t\t<\/a>\n\t\t\t\t\t\t\t\t\t<\/li>\n\t\t\t\t\t\t\t\t<li class=\"elementor-icon-list-item\">\n\t\t\t\t\t\t\t\t\t\t\t<a href=\"https:\/\/capitaloption.io\/index.php\/capital-option-privacidade\/\">\n\n\t\t\t\t\t\t\t\t\t\t\t<span class=\"elementor-icon-list-text\">Termos e Condi\u00e7\u00f5es<\/span>\n\t\t\t\t\t\t\t\t\t\t\t<\/a>\n\t\t\t\t\t\t\t\t\t<\/li>\n\t\t\t\t\t\t\t\t<li class=\"elementor-icon-list-item\">\n\t\t\t\t\t\t\t\t\t\t\t<a href=\"https:\/\/capitaloption.io\/index.php\/capital-option-aml\/\">\n\n\t\t\t\t\t\t\t\t\t\t\t<span class=\"elementor-icon-list-text\">AML Juridico<\/span>\n\t\t\t\t\t\t\t\t\t\t\t<\/a>\n\t\t\t\t\t\t\t\t\t<\/li>\n\t\t\t\t\t\t<\/ul>\n\t\t\t\t\t\t<\/div>\n\t\t\t\t<div class=\"elementor-element elementor-element-147c1e6 elementor-widget elementor-widget-button\" data-id=\"147c1e6\" data-element_type=\"widget\" data-widget_type=\"button.default\">\n\t\t\t\t\t\t\t\t\t\t<a class=\"elementor-button elementor-button-link elementor-size-sm\" href=\"#topo\">\n\t\t\t\t\t\t<span class=\"elementor-button-content-wrapper\">\n\t\t\t\t\t\t<span class=\"elementor-button-icon\">\n\t\t\t\t<svg aria-hidden=\"true\" class=\"e-font-icon-svg e-fas-arrow-up\" viewBox=\"0 0 448 512\" xmlns=\"http:\/\/www.w3.org\/2000\/svg\"><path d=\"M34.9 289.5l-22.2-22.2c-9.4-9.4-9.4-24.6 0-33.9L207 39c9.4-9.4 24.6-9.4 33.9 0l194.3 194.3c9.4 9.4 9.4 24.6 0 33.9L413 289.4c-9.5 9.5-25 9.3-34.3-.4L264 168.6V456c0 13.3-10.7 24-24 24h-32c-13.3 0-24-10.7-24-24V168.6L69.2 289.1c-9.3 9.8-24.8 10-34.3.4z\"><\/path><\/svg>\t\t\t<\/span>\n\t\t\t\t\t\t\t\t\t<span class=\"elementor-button-text\">Voltar para o topo<\/span>\n\t\t\t\t\t<\/span>\n\t\t\t\t\t<\/a>\n\t\t\t\t\t\t\t\t<\/div>\n\t\t\t\t<\/div>\n\t\t\t\t<\/div>\n\t\t\t\t<\/div>\n\t\t\t\t<\/div>\n\t\t","protected":false},"excerpt":{"rendered":"<p>ENTRAR CADASTRAR support@capital.id FALE CONOSCO LINKS \u00daTEIS Afiliados Rela\u00e7\u00e3o Com Investidor \u00c1rea de Login \u00c1rea de Register HeatMap Crypto HeatMap Stocks TERMOS E CONDI\u00c7\u00d5ES Politica e Privacidade Termos e Condi\u00e7\u00f5es AML Juridico Voltar para o topo<\/p>\n","protected":false},"author":3,"featured_media":0,"parent":0,"menu_order":0,"comment_status":"closed","ping_status":"closed","template":"elementor_canvas","meta":{"footnotes":""},"class_list":["post-61686","page","type-page","status-publish","hentry"],"_links":{"self":[{"href":"https:\/\/capitaloption.io\/index.php\/wp-json\/wp\/v2\/pages\/61686","targetHints":{"allow":["GET"]}}],"collection":[{"href":"https:\/\/capitaloption.io\/index.php\/wp-json\/wp\/v2\/pages"}],"about":[{"href":"https:\/\/capitaloption.io\/index.php\/wp-json\/wp\/v2\/types\/page"}],"author":[{"embeddable":true,"href":"https:\/\/capitaloption.io\/index.php\/wp-json\/wp\/v2\/users\/3"}],"replies":[{"embeddable":true,"href":"https:\/\/capitaloption.io\/index.php\/wp-json\/wp\/v2\/comments?post=61686"}],"version-history":[{"count":12,"href":"https:\/\/capitaloption.io\/index.php\/wp-json\/wp\/v2\/pages\/61686\/revisions"}],"predecessor-version":[{"id":61859,"href":"https:\/\/capitaloption.io\/index.php\/wp-json\/wp\/v2\/pages\/61686\/revisions\/61859"}],"wp:attachment":[{"href":"https:\/\/capitaloption.io\/index.php\/wp-json\/wp\/v2\/media?parent=61686"}],"curies":[{"name":"wp","href":"https:\/\/api.w.org\/{rel}","templated":true}]}}